{"id":5034,"date":"2025-06-20T07:49:25","date_gmt":"2025-06-20T05:49:25","guid":{"rendered":"https:\/\/frankonia.immobilien\/imprint\/"},"modified":"2026-01-30T20:40:22","modified_gmt":"2026-01-30T19:40:22","slug":"imprint","status":"publish","type":"page","link":"https:\/\/frankonia.immobilien\/en\/imprint\/","title":{"rendered":"Imprint"},"content":{"rendered":"\t\t<div data-elementor-type=\"wp-page\" data-elementor-id=\"5034\" class=\"elementor elementor-5034 elementor-698\" data-elementor-post-type=\"page\">\n\t\t\t\t<div class=\"elementor-element elementor-element-c5006b4 e-flex e-con-boxed e-con e-parent\" data-id=\"c5006b4\" data-element_type=\"container\" data-e-type=\"container\" data-settings=\"{&quot;background_background&quot;:&quot;video&quot;,&quot;background_video_link&quot;:&quot;https:\\\/\\\/vimeo.com\\\/1093704387&quot;,&quot;background_play_on_mobile&quot;:&quot;yes&quot;,&quot;background_privacy_mode&quot;:&quot;yes&quot;}\">\n\t\t\t\t\t<div class=\"e-con-inner\">\n\t\t<div class=\"elementor-background-video-container\">\n\t\t\t\t\t\t\t<div class=\"elementor-background-video-embed\" role=\"presentation\"><\/div>\n\t\t\t\t\t\t<\/div>\t\t<div class=\"elementor-element elementor-element-04de798 elementor-widget elementor-widget-spacer\" data-id=\"04de798\" data-element_type=\"widget\" data-e-type=\"widget\" data-widget_type=\"spacer.default\">\n\t\t\t\t<div class=\"elementor-widget-container\">\n\t\t\t\t\t\t\t<div class=\"elementor-spacer\">\n\t\t\t<div class=\"elementor-spacer-inner\"><\/div>\n\t\t<\/div>\n\t\t\t\t\t\t<\/div>\n\t\t\t\t<\/div>\n\t\t\t\t<div class=\"elementor-element elementor-element-93937ea elementor-widget elementor-widget-heading\" data-id=\"93937ea\" data-element_type=\"widget\" data-e-type=\"widget\" data-widget_type=\"heading.default\">\n\t\t\t\t<div class=\"elementor-widget-container\">\n\t\t\t\t\t<h1 class=\"elementor-heading-title elementor-size-default\">Imprint<\/h1>\t\t\t\t<\/div>\n\t\t\t\t<\/div>\n\t\t\t\t\t<\/div>\n\t\t\t\t<\/div>\n\t\t<div class=\"elementor-element elementor-element-dd08dd5 e-flex e-con-boxed e-con e-parent\" data-id=\"dd08dd5\" data-element_type=\"container\" data-e-type=\"container\" data-settings=\"{&quot;background_background&quot;:&quot;classic&quot;}\">\n\t\t\t\t\t<div class=\"e-con-inner\">\n\t\t\t\t<div class=\"elementor-element elementor-element-3be91c6 elementor-widget elementor-widget-spacer\" data-id=\"3be91c6\" data-element_type=\"widget\" data-e-type=\"widget\" data-widget_type=\"spacer.default\">\n\t\t\t\t<div class=\"elementor-widget-container\">\n\t\t\t\t\t\t\t<div class=\"elementor-spacer\">\n\t\t\t<div class=\"elementor-spacer-inner\"><\/div>\n\t\t<\/div>\n\t\t\t\t\t\t<\/div>\n\t\t\t\t<\/div>\n\t\t\t\t<div class=\"elementor-element elementor-element-ed6d44f elementor-widget elementor-widget-text-editor\" data-id=\"ed6d44f\" data-element_type=\"widget\" data-e-type=\"widget\" data-widget_type=\"text-editor.default\">\n\t\t\t\t<div class=\"elementor-widget-container\">\n\t\t\t\t\t\t\t\t\t<p>Frankonia Immobiliengesellschaft mbH<\/p><p>M\u00fchlenstr. 36<br>40213 D\u00fcsseldorf<br>Tel: 0211 8632300<br>E-mail: info@immobilien-frankonia.de<br>FRANKONIA Immobiliengesellschaft mbH <\/p><p>Managing Director: Dipl.-Ing. Uwe Schmitz<\/p><p>Register court: D\u00fcsseldorf District Court<br>Register number: HRB 105894<\/p><p>Permit according to \u00a734c of the Trade Regulation Act (GeWo) City of D\u00fcsseldorf<\/p><p>Responsible supervisory authority, postal address:<br>State capital D\u00fcsseldorf public order office, dept. commercial law matters, Worringer Stra\u00dfe 111, 40210 D\u00fcsseldorf <\/p><p>Chamber of Industry and Commerce: IHK D\u00fcsseldorf Ernst-Schneider-Platz 1, 40212 D\u00fcsseldorf<\/p><p>www.frankonia-eurobau.de<br>info@frankonia-eurobau.de<\/p>\t\t\t\t\t\t\t\t<\/div>\n\t\t\t\t<\/div>\n\t\t\t\t<div class=\"elementor-element elementor-element-be5efeb elementor-widget elementor-widget-spacer\" data-id=\"be5efeb\" data-element_type=\"widget\" data-e-type=\"widget\" data-widget_type=\"spacer.default\">\n\t\t\t\t<div class=\"elementor-widget-container\">\n\t\t\t\t\t\t\t<div class=\"elementor-spacer\">\n\t\t\t<div class=\"elementor-spacer-inner\"><\/div>\n\t\t<\/div>\n\t\t\t\t\t\t<\/div>\n\t\t\t\t<\/div>\n\t\t\t\t\t<\/div>\n\t\t\t\t<\/div>\n\t\t\t\t<\/div>\n\t\t","protected":false},"excerpt":{"rendered":"<p>Imprint Frankonia Immobiliengesellschaft mbH M\u00fchlenstr. 3640213 D\u00fcsseldorfTel: 0211 8632300E-mail: info@immobilien-frankonia.deFRANKONIA Immobiliengesellschaft mbH Managing Director: Dipl.-Ing. Uwe Schmitz Register court: D\u00fcsseldorf District CourtRegister number: HRB 105894 Permit according to \u00a734c of the Trade Regulation Act (GeWo) City of D\u00fcsseldorf Responsible supervisory authority, postal address:State capital D\u00fcsseldorf public order office, dept. commercial law matters, Worringer Stra\u00dfe 111, [&hellip;]<\/p>\n","protected":false},"author":1,"featured_media":0,"parent":0,"menu_order":0,"comment_status":"closed","ping_status":"closed","template":"elementor_header_footer","meta":{"_acf_changed":false,"footnotes":""},"class_list":["post-5034","page","type-page","status-publish","hentry"],"acf":[],"yoast_head":"<!-- This site is optimized with the Yoast SEO plugin v27.2 - https:\/\/yoast.com\/product\/yoast-seo-wordpress\/ -->\n<title>Frankonia Immobilien | Luxury Real Estate Imprint<\/title>\n<meta name=\"robots\" content=\"index, follow, max-snippet:-1, max-image-preview:large, max-video-preview:-1\" \/>\n<link rel=\"canonical\" href=\"https:\/\/frankonia.immobilien\/en\/imprint\/\" \/>\n<meta property=\"og:locale\" content=\"en_US\" \/>\n<meta property=\"og:type\" content=\"article\" \/>\n<meta property=\"og:title\" content=\"Frankonia Immobilien | Luxury Real Estate Imprint\" \/>\n<meta property=\"og:description\" content=\"Imprint Frankonia Immobiliengesellschaft mbH M\u00fchlenstr. 3640213 D\u00fcsseldorfTel: 0211 8632300E-mail: info@immobilien-frankonia.deFRANKONIA Immobiliengesellschaft mbH Managing Director: Dipl.-Ing. Uwe Schmitz Register court: D\u00fcsseldorf District CourtRegister number: HRB 105894 Permit according to \u00a734c of the Trade Regulation Act (GeWo) City of D\u00fcsseldorf Responsible supervisory authority, postal address:State capital D\u00fcsseldorf public order office, dept. commercial law matters, Worringer Stra\u00dfe 111, [&hellip;]\" \/>\n<meta property=\"og:url\" content=\"https:\/\/frankonia.immobilien\/en\/imprint\/\" \/>\n<meta property=\"og:site_name\" content=\"Frankonia Immobilien\" \/>\n<meta property=\"article:modified_time\" content=\"2026-01-30T19:40:22+00:00\" \/>\n<meta name=\"twitter:card\" content=\"summary_large_image\" \/>\n<script type=\"application\/ld+json\" class=\"yoast-schema-graph\">{\"@context\":\"https:\/\/schema.org\",\"@graph\":[{\"@type\":\"WebPage\",\"@id\":\"https:\/\/frankonia.immobilien\/en\/imprint\/\",\"url\":\"https:\/\/frankonia.immobilien\/en\/imprint\/\",\"name\":\"Frankonia Immobilien | Luxury Real Estate Imprint\",\"isPartOf\":{\"@id\":\"https:\/\/frankonia.immobilien\/en\/#website\"},\"datePublished\":\"2025-06-20T05:49:25+00:00\",\"dateModified\":\"2026-01-30T19:40:22+00:00\",\"breadcrumb\":{\"@id\":\"https:\/\/frankonia.immobilien\/en\/imprint\/#breadcrumb\"},\"inLanguage\":\"en-US\",\"potentialAction\":[{\"@type\":\"ReadAction\",\"target\":[\"https:\/\/frankonia.immobilien\/en\/imprint\/\"]}]},{\"@type\":\"BreadcrumbList\",\"@id\":\"https:\/\/frankonia.immobilien\/en\/imprint\/#breadcrumb\",\"itemListElement\":[{\"@type\":\"ListItem\",\"position\":1,\"name\":\"Startseite\",\"item\":\"https:\/\/frankonia.immobilien\/en\/\"},{\"@type\":\"ListItem\",\"position\":2,\"name\":\"Imprint\"}]},{\"@type\":\"WebSite\",\"@id\":\"https:\/\/frankonia.immobilien\/en\/#website\",\"url\":\"https:\/\/frankonia.immobilien\/en\/\",\"name\":\"Frankonia Immobilien\",\"description\":\"Werte, die Generationen \u00fcberdauern\",\"publisher\":{\"@id\":\"https:\/\/frankonia.immobilien\/en\/#organization\"},\"potentialAction\":[{\"@type\":\"SearchAction\",\"target\":{\"@type\":\"EntryPoint\",\"urlTemplate\":\"https:\/\/frankonia.immobilien\/en\/?s={search_term_string}\"},\"query-input\":{\"@type\":\"PropertyValueSpecification\",\"valueRequired\":true,\"valueName\":\"search_term_string\"}}],\"inLanguage\":\"en-US\"},{\"@type\":\"Organization\",\"@id\":\"https:\/\/frankonia.immobilien\/en\/#organization\",\"name\":\"Frankonia Real Estate\",\"url\":\"https:\/\/frankonia.immobilien\/en\/\",\"logo\":{\"@type\":\"ImageObject\",\"inLanguage\":\"en-US\",\"@id\":\"https:\/\/frankonia.immobilien\/en\/#\/schema\/logo\/image\/\",\"url\":\"https:\/\/frankonia.immobilien\/wp-content\/uploads\/2025\/06\/FI_Logo.jpg\",\"contentUrl\":\"https:\/\/frankonia.immobilien\/wp-content\/uploads\/2025\/06\/FI_Logo.jpg\",\"width\":512,\"height\":512,\"caption\":\"Frankonia Real Estate\"},\"image\":{\"@id\":\"https:\/\/frankonia.immobilien\/en\/#\/schema\/logo\/image\/\"}}]}<\/script>\n<!-- \/ Yoast SEO plugin. -->","yoast_head_json":{"title":"Frankonia Immobilien | Luxury Real Estate Imprint","robots":{"index":"index","follow":"follow","max-snippet":"max-snippet:-1","max-image-preview":"max-image-preview:large","max-video-preview":"max-video-preview:-1"},"canonical":"https:\/\/frankonia.immobilien\/en\/imprint\/","og_locale":"en_US","og_type":"article","og_title":"Frankonia Immobilien | Luxury Real Estate Imprint","og_description":"Imprint Frankonia Immobiliengesellschaft mbH M\u00fchlenstr. 3640213 D\u00fcsseldorfTel: 0211 8632300E-mail: info@immobilien-frankonia.deFRANKONIA Immobiliengesellschaft mbH Managing Director: Dipl.-Ing. Uwe Schmitz Register court: D\u00fcsseldorf District CourtRegister number: HRB 105894 Permit according to \u00a734c of the Trade Regulation Act (GeWo) City of D\u00fcsseldorf Responsible supervisory authority, postal address:State capital D\u00fcsseldorf public order office, dept. commercial law matters, Worringer Stra\u00dfe 111, [&hellip;]","og_url":"https:\/\/frankonia.immobilien\/en\/imprint\/","og_site_name":"Frankonia Immobilien","article_modified_time":"2026-01-30T19:40:22+00:00","twitter_card":"summary_large_image","schema":{"@context":"https:\/\/schema.org","@graph":[{"@type":"WebPage","@id":"https:\/\/frankonia.immobilien\/en\/imprint\/","url":"https:\/\/frankonia.immobilien\/en\/imprint\/","name":"Frankonia Immobilien | Luxury Real Estate Imprint","isPartOf":{"@id":"https:\/\/frankonia.immobilien\/en\/#website"},"datePublished":"2025-06-20T05:49:25+00:00","dateModified":"2026-01-30T19:40:22+00:00","breadcrumb":{"@id":"https:\/\/frankonia.immobilien\/en\/imprint\/#breadcrumb"},"inLanguage":"en-US","potentialAction":[{"@type":"ReadAction","target":["https:\/\/frankonia.immobilien\/en\/imprint\/"]}]},{"@type":"BreadcrumbList","@id":"https:\/\/frankonia.immobilien\/en\/imprint\/#breadcrumb","itemListElement":[{"@type":"ListItem","position":1,"name":"Startseite","item":"https:\/\/frankonia.immobilien\/en\/"},{"@type":"ListItem","position":2,"name":"Imprint"}]},{"@type":"WebSite","@id":"https:\/\/frankonia.immobilien\/en\/#website","url":"https:\/\/frankonia.immobilien\/en\/","name":"Frankonia Immobilien","description":"Werte, die Generationen \u00fcberdauern","publisher":{"@id":"https:\/\/frankonia.immobilien\/en\/#organization"},"potentialAction":[{"@type":"SearchAction","target":{"@type":"EntryPoint","urlTemplate":"https:\/\/frankonia.immobilien\/en\/?s={search_term_string}"},"query-input":{"@type":"PropertyValueSpecification","valueRequired":true,"valueName":"search_term_string"}}],"inLanguage":"en-US"},{"@type":"Organization","@id":"https:\/\/frankonia.immobilien\/en\/#organization","name":"Frankonia Real Estate","url":"https:\/\/frankonia.immobilien\/en\/","logo":{"@type":"ImageObject","inLanguage":"en-US","@id":"https:\/\/frankonia.immobilien\/en\/#\/schema\/logo\/image\/","url":"https:\/\/frankonia.immobilien\/wp-content\/uploads\/2025\/06\/FI_Logo.jpg","contentUrl":"https:\/\/frankonia.immobilien\/wp-content\/uploads\/2025\/06\/FI_Logo.jpg","width":512,"height":512,"caption":"Frankonia Real Estate"},"image":{"@id":"https:\/\/frankonia.immobilien\/en\/#\/schema\/logo\/image\/"}}]}},"_links":{"self":[{"href":"https:\/\/frankonia.immobilien\/en\/wp-json\/wp\/v2\/pages\/5034","targetHints":{"allow":["GET"]}}],"collection":[{"href":"https:\/\/frankonia.immobilien\/en\/wp-json\/wp\/v2\/pages"}],"about":[{"href":"https:\/\/frankonia.immobilien\/en\/wp-json\/wp\/v2\/types\/page"}],"author":[{"embeddable":true,"href":"https:\/\/frankonia.immobilien\/en\/wp-json\/wp\/v2\/users\/1"}],"replies":[{"embeddable":true,"href":"https:\/\/frankonia.immobilien\/en\/wp-json\/wp\/v2\/comments?post=5034"}],"version-history":[{"count":1,"href":"https:\/\/frankonia.immobilien\/en\/wp-json\/wp\/v2\/pages\/5034\/revisions"}],"predecessor-version":[{"id":5040,"href":"https:\/\/frankonia.immobilien\/en\/wp-json\/wp\/v2\/pages\/5034\/revisions\/5040"}],"wp:attachment":[{"href":"https:\/\/frankonia.immobilien\/en\/wp-json\/wp\/v2\/media?parent=5034"}],"curies":[{"name":"wp","href":"https:\/\/api.w.org\/{rel}","templated":true}]}}